{"id":492,"date":"2022-09-27T11:15:25","date_gmt":"2022-09-27T11:15:25","guid":{"rendered":"https:\/\/corsen.qodeinteractive.com\/?post_type=product&#038;p=492"},"modified":"2026-04-16T14:46:02","modified_gmt":"2026-04-16T14:46:02","slug":"bolso-recuerdo","status":"publish","type":"product","link":"https:\/\/maisonskosh.com\/en\/shop\/bolso-recuerdo\/","title":{"rendered":"Bolso Recuerdo"},"content":{"rendered":"\t\t<div data-elementor-type=\"wp-post\" data-elementor-id=\"492\" class=\"elementor elementor-492\" data-elementor-post-type=\"product\">\n\t\t\t\t\t\t<section class=\"elementor-section elementor-top-section elementor-element elementor-element-4d0eeac4 elementor-section-full_width elementor-section-height-default elementor-section-height-default\" data-id=\"4d0eeac4\" data-element_type=\"section\" data-e-type=\"section\">\n\t\t\t\t\t\t<div class=\"elementor-container elementor-column-gap-default\">\n\t\t\t\t\t<div class=\"elementor-column elementor-col-100 elementor-top-column elementor-element elementor-element-5725014e\" data-id=\"5725014e\" data-element_type=\"column\" data-e-type=\"column\">\n\t\t\t<div class=\"elementor-widget-wrap elementor-element-populated\">\n\t\t\t\t\t\t<div class=\"elementor-element elementor-element-6c1a8fea elementor-widget elementor-widget-text-editor\" data-id=\"6c1a8fea\" data-element_type=\"widget\" data-e-type=\"widget\" data-widget_type=\"text-editor.default\">\n\t\t\t\t<div class=\"elementor-widget-container\">\n\t\t\t\t\t\t\t\t\tLorem ipsum dolor sit amet, consectetur adipiscing elit, sed do eiusmod tempor incididunt ut labore et dolore magna aliqua. Ut enim ad minim veniam, quis nostrud exercitation ullamco laboris nisi ut aliquip ex ea commodo consequat. Duis aute irure dolor in reprehenderit in voluptate velit esse.\t\t\t\t\t\t\t\t<\/div>\n\t\t\t\t<\/div>\n\t\t\t\t\t<\/div>\n\t\t<\/div>\n\t\t\t\t\t<\/div>\n\t\t<\/section>\n\t\t\t\t<\/div>\n\t\t","protected":false},"excerpt":{"rendered":"<p>Este bolso est\u00e1 hecho a mano a partir de encaje reciclado, cuidadosamente transformado en una pieza \u00fanica. El dise\u00f1o incluye un lazo frontal que permite cerrarlo y aporta un estilo delicado y funcional. Los materiales reutilizados pueden presentar ligeras variaciones, como cambios de color, peque\u00f1as imperfecciones o ajustes.<\/p>\n<p>La prenda es tal como se muestra en las fotograf\u00edas.<\/p>\n<p>Composici\u00f3n: Encaje reciclado, algod\u00f3n.<\/p>\n<p>Recomendaci\u00f3n de cuidado: Limpieza en seco.<\/p>\n<p>Esta pieza es edici\u00f3n limitada y \u00fanica.<\/p>\n","protected":false},"featured_media":9009,"template":"","meta":[],"product_brand":[],"product_cat":[91],"product_tag":[],"class_list":{"0":"post-492","1":"product","2":"type-product","3":"status-publish","4":"has-post-thumbnail","6":"product_cat-drop-i","8":"first","9":"instock","10":"shipping-taxable","11":"purchasable","12":"product-type-simple"},"yoast_head":"<!-- This site is optimized with the Yoast SEO plugin v24.6 - https:\/\/yoast.com\/wordpress\/plugins\/seo\/ -->\n<title>Bolso Recuerdo - MAISON SKOSH<\/title>\n<meta name=\"description\" content=\"Este bolso est\u00e1 hecho a mano a partir de encaje reciclado, cuidadosamente transformado en una pieza \u00fanica. El dise\u00f1o incluye un lazo frontal que permite cerrarlo y aporta un estilo delicado y funcional.\" \/>\n<meta name=\"robots\" content=\"index, follow, max-snippet:-1, max-image-preview:large, max-video-preview:-1\" \/>\n<link rel=\"canonical\" href=\"https:\/\/maisonskosh.com\/en\/shop\/bolso-recuerdo\/\" \/>\n<meta property=\"og:locale\" content=\"en_US\" \/>\n<meta property=\"og:type\" content=\"article\" \/>\n<meta property=\"og:title\" content=\"Bolso Recuerdo - MAISON SKOSH\" \/>\n<meta property=\"og:description\" content=\"Este bolso est\u00e1 hecho a mano a partir de encaje reciclado, cuidadosamente transformado en una pieza \u00fanica. El dise\u00f1o incluye un lazo frontal que permite cerrarlo y aporta un estilo delicado y funcional.\" \/>\n<meta property=\"og:url\" content=\"https:\/\/maisonskosh.com\/en\/shop\/bolso-recuerdo\/\" \/>\n<meta property=\"og:site_name\" content=\"MAISON SKOSH\" \/>\n<meta property=\"article:modified_time\" content=\"2026-04-16T14:46:02+00:00\" \/>\n<meta property=\"og:image\" content=\"https:\/\/maisonskosh.com\/wp-content\/uploads\/2022\/09\/IMG_8902-scaled.jpg\" \/>\n\t<meta property=\"og:image:width\" content=\"1922\" \/>\n\t<meta property=\"og:image:height\" content=\"2560\" \/>\n\t<meta property=\"og:image:type\" content=\"image\/jpeg\" \/>\n<meta name=\"twitter:card\" content=\"summary_large_image\" \/>\n<meta name=\"twitter:label1\" content=\"Est. reading time\" \/>\n\t<meta name=\"twitter:data1\" content=\"1 minute\" \/>\n<script type=\"application\/ld+json\" class=\"yoast-schema-graph\">{\"@context\":\"https:\/\/schema.org\",\"@graph\":[{\"@type\":\"WebPage\",\"@id\":\"https:\/\/maisonskosh.com\/shop\/bolso-recuerdo\/\",\"url\":\"https:\/\/maisonskosh.com\/shop\/bolso-recuerdo\/\",\"name\":\"Bolso Recuerdo - MAISON SKOSH\",\"isPartOf\":{\"@id\":\"https:\/\/maisonskosh.com\/#website\"},\"primaryImageOfPage\":{\"@id\":\"https:\/\/maisonskosh.com\/shop\/bolso-recuerdo\/#primaryimage\"},\"image\":{\"@id\":\"https:\/\/maisonskosh.com\/shop\/bolso-recuerdo\/#primaryimage\"},\"thumbnailUrl\":\"https:\/\/maisonskosh.com\/wp-content\/uploads\/2022\/09\/IMG_8902-scaled.jpg\",\"datePublished\":\"2022-09-27T11:15:25+00:00\",\"dateModified\":\"2026-04-16T14:46:02+00:00\",\"description\":\"Este bolso est\u00e1 hecho a mano a partir de encaje reciclado, cuidadosamente transformado en una pieza \u00fanica. El dise\u00f1o incluye un lazo frontal que permite cerrarlo y aporta un estilo delicado y funcional.\",\"breadcrumb\":{\"@id\":\"https:\/\/maisonskosh.com\/shop\/bolso-recuerdo\/#breadcrumb\"},\"inLanguage\":\"en-US\",\"potentialAction\":[{\"@type\":\"ReadAction\",\"target\":[\"https:\/\/maisonskosh.com\/shop\/bolso-recuerdo\/\"]}]},{\"@type\":\"ImageObject\",\"inLanguage\":\"en-US\",\"@id\":\"https:\/\/maisonskosh.com\/shop\/bolso-recuerdo\/#primaryimage\",\"url\":\"https:\/\/maisonskosh.com\/wp-content\/uploads\/2022\/09\/IMG_8902-scaled.jpg\",\"contentUrl\":\"https:\/\/maisonskosh.com\/wp-content\/uploads\/2022\/09\/IMG_8902-scaled.jpg\",\"width\":1922,\"height\":2560},{\"@type\":\"BreadcrumbList\",\"@id\":\"https:\/\/maisonskosh.com\/shop\/bolso-recuerdo\/#breadcrumb\",\"itemListElement\":[{\"@type\":\"ListItem\",\"position\":1,\"name\":\"Home\",\"item\":\"https:\/\/maisonskosh.com\/\"},{\"@type\":\"ListItem\",\"position\":2,\"name\":\"Shop\",\"item\":\"https:\/\/maisonskosh.com\/shop\/\"},{\"@type\":\"ListItem\",\"position\":3,\"name\":\"Bolso Recuerdo\"}]},{\"@type\":\"WebSite\",\"@id\":\"https:\/\/maisonskosh.com\/#website\",\"url\":\"https:\/\/maisonskosh.com\/\",\"name\":\"MAISON SKOSH\",\"description\":\"Upcycling project\",\"publisher\":{\"@id\":\"https:\/\/maisonskosh.com\/#organization\"},\"potentialAction\":[{\"@type\":\"SearchAction\",\"target\":{\"@type\":\"EntryPoint\",\"urlTemplate\":\"https:\/\/maisonskosh.com\/?s={search_term_string}\"},\"query-input\":{\"@type\":\"PropertyValueSpecification\",\"valueRequired\":true,\"valueName\":\"search_term_string\"}}],\"inLanguage\":\"en-US\"},{\"@type\":\"Organization\",\"@id\":\"https:\/\/maisonskosh.com\/#organization\",\"name\":\"SKOSH\",\"url\":\"https:\/\/maisonskosh.com\/\",\"logo\":{\"@type\":\"ImageObject\",\"inLanguage\":\"en-US\",\"@id\":\"https:\/\/maisonskosh.com\/#\/schema\/logo\/image\/\",\"url\":\"https:\/\/maisonskosh.com\/wp-content\/uploads\/2026\/01\/logoconsubsolo.png\",\"contentUrl\":\"https:\/\/maisonskosh.com\/wp-content\/uploads\/2026\/01\/logoconsubsolo.png\",\"width\":1301,\"height\":425,\"caption\":\"SKOSH\"},\"image\":{\"@id\":\"https:\/\/maisonskosh.com\/#\/schema\/logo\/image\/\"},\"sameAs\":[\"https:\/\/www.instagram.com\/maisonskosh\/\"]}]}<\/script>\n<!-- \/ Yoast SEO plugin. -->","yoast_head_json":{"title":"Bolso Recuerdo - MAISON SKOSH","description":"Este bolso est\u00e1 hecho a mano a partir de encaje reciclado, cuidadosamente transformado en una pieza \u00fanica. El dise\u00f1o incluye un lazo frontal que permite cerrarlo y aporta un estilo delicado y funcional.","robots":{"index":"index","follow":"follow","max-snippet":"max-snippet:-1","max-image-preview":"max-image-preview:large","max-video-preview":"max-video-preview:-1"},"canonical":"https:\/\/maisonskosh.com\/en\/shop\/bolso-recuerdo\/","og_locale":"en_US","og_type":"article","og_title":"Bolso Recuerdo - MAISON SKOSH","og_description":"Este bolso est\u00e1 hecho a mano a partir de encaje reciclado, cuidadosamente transformado en una pieza \u00fanica. El dise\u00f1o incluye un lazo frontal que permite cerrarlo y aporta un estilo delicado y funcional.","og_url":"https:\/\/maisonskosh.com\/en\/shop\/bolso-recuerdo\/","og_site_name":"MAISON SKOSH","article_modified_time":"2026-04-16T14:46:02+00:00","og_image":[{"width":1922,"height":2560,"url":"https:\/\/maisonskosh.com\/wp-content\/uploads\/2022\/09\/IMG_8902-scaled.jpg","type":"image\/jpeg"}],"twitter_card":"summary_large_image","twitter_misc":{"Est. reading time":"1 minute"},"schema":{"@context":"https:\/\/schema.org","@graph":[{"@type":"WebPage","@id":"https:\/\/maisonskosh.com\/shop\/bolso-recuerdo\/","url":"https:\/\/maisonskosh.com\/shop\/bolso-recuerdo\/","name":"Bolso Recuerdo - MAISON SKOSH","isPartOf":{"@id":"https:\/\/maisonskosh.com\/#website"},"primaryImageOfPage":{"@id":"https:\/\/maisonskosh.com\/shop\/bolso-recuerdo\/#primaryimage"},"image":{"@id":"https:\/\/maisonskosh.com\/shop\/bolso-recuerdo\/#primaryimage"},"thumbnailUrl":"https:\/\/maisonskosh.com\/wp-content\/uploads\/2022\/09\/IMG_8902-scaled.jpg","datePublished":"2022-09-27T11:15:25+00:00","dateModified":"2026-04-16T14:46:02+00:00","description":"Este bolso est\u00e1 hecho a mano a partir de encaje reciclado, cuidadosamente transformado en una pieza \u00fanica. El dise\u00f1o incluye un lazo frontal que permite cerrarlo y aporta un estilo delicado y funcional.","breadcrumb":{"@id":"https:\/\/maisonskosh.com\/shop\/bolso-recuerdo\/#breadcrumb"},"inLanguage":"en-US","potentialAction":[{"@type":"ReadAction","target":["https:\/\/maisonskosh.com\/shop\/bolso-recuerdo\/"]}]},{"@type":"ImageObject","inLanguage":"en-US","@id":"https:\/\/maisonskosh.com\/shop\/bolso-recuerdo\/#primaryimage","url":"https:\/\/maisonskosh.com\/wp-content\/uploads\/2022\/09\/IMG_8902-scaled.jpg","contentUrl":"https:\/\/maisonskosh.com\/wp-content\/uploads\/2022\/09\/IMG_8902-scaled.jpg","width":1922,"height":2560},{"@type":"BreadcrumbList","@id":"https:\/\/maisonskosh.com\/shop\/bolso-recuerdo\/#breadcrumb","itemListElement":[{"@type":"ListItem","position":1,"name":"Home","item":"https:\/\/maisonskosh.com\/"},{"@type":"ListItem","position":2,"name":"Shop","item":"https:\/\/maisonskosh.com\/shop\/"},{"@type":"ListItem","position":3,"name":"Bolso Recuerdo"}]},{"@type":"WebSite","@id":"https:\/\/maisonskosh.com\/#website","url":"https:\/\/maisonskosh.com\/","name":"MAISON SKOSH","description":"Upcycling project","publisher":{"@id":"https:\/\/maisonskosh.com\/#organization"},"potentialAction":[{"@type":"SearchAction","target":{"@type":"EntryPoint","urlTemplate":"https:\/\/maisonskosh.com\/?s={search_term_string}"},"query-input":{"@type":"PropertyValueSpecification","valueRequired":true,"valueName":"search_term_string"}}],"inLanguage":"en-US"},{"@type":"Organization","@id":"https:\/\/maisonskosh.com\/#organization","name":"SKOSH","url":"https:\/\/maisonskosh.com\/","logo":{"@type":"ImageObject","inLanguage":"en-US","@id":"https:\/\/maisonskosh.com\/#\/schema\/logo\/image\/","url":"https:\/\/maisonskosh.com\/wp-content\/uploads\/2026\/01\/logoconsubsolo.png","contentUrl":"https:\/\/maisonskosh.com\/wp-content\/uploads\/2026\/01\/logoconsubsolo.png","width":1301,"height":425,"caption":"SKOSH"},"image":{"@id":"https:\/\/maisonskosh.com\/#\/schema\/logo\/image\/"},"sameAs":["https:\/\/www.instagram.com\/maisonskosh\/"]}]}},"_links":{"self":[{"href":"https:\/\/maisonskosh.com\/en\/wp-json\/wp\/v2\/product\/492","targetHints":{"allow":["GET"]}}],"collection":[{"href":"https:\/\/maisonskosh.com\/en\/wp-json\/wp\/v2\/product"}],"about":[{"href":"https:\/\/maisonskosh.com\/en\/wp-json\/wp\/v2\/types\/product"}],"wp:featuredmedia":[{"embeddable":true,"href":"https:\/\/maisonskosh.com\/en\/wp-json\/wp\/v2\/media\/9009"}],"wp:attachment":[{"href":"https:\/\/maisonskosh.com\/en\/wp-json\/wp\/v2\/media?parent=492"}],"wp:term":[{"taxonomy":"product_brand","embeddable":true,"href":"https:\/\/maisonskosh.com\/en\/wp-json\/wp\/v2\/product_brand?post=492"},{"taxonomy":"product_cat","embeddable":true,"href":"https:\/\/maisonskosh.com\/en\/wp-json\/wp\/v2\/product_cat?post=492"},{"taxonomy":"product_tag","embeddable":true,"href":"https:\/\/maisonskosh.com\/en\/wp-json\/wp\/v2\/product_tag?post=492"}],"curies":[{"name":"wp","href":"https:\/\/api.w.org\/{rel}","templated":true}]}}