{"id":8924,"date":"2025-12-20T15:47:47","date_gmt":"2025-12-20T15:47:47","guid":{"rendered":"https:\/\/maisonskosh.com\/?post_type=product&#038;p=8924"},"modified":"2026-04-16T14:43:06","modified_gmt":"2026-04-16T14:43:06","slug":"vestido-mi-cielo","status":"publish","type":"product","link":"https:\/\/maisonskosh.com\/en\/shop\/vestido-mi-cielo\/","title":{"rendered":"Mi Cielo Dress"},"content":{"rendered":"\t\t<div data-elementor-type=\"wp-post\" data-elementor-id=\"8924\" class=\"elementor elementor-8924\" data-elementor-post-type=\"product\">\n\t\t\t\t\t\t<section class=\"elementor-section elementor-top-section elementor-element elementor-element-35c3fc52 elementor-section-full_width elementor-section-height-default elementor-section-height-default\" data-id=\"35c3fc52\" data-element_type=\"section\" data-e-type=\"section\">\n\t\t\t\t\t\t<div class=\"elementor-container elementor-column-gap-default\">\n\t\t\t\t\t<div class=\"elementor-column elementor-col-100 elementor-top-column elementor-element elementor-element-3a51bfb6\" data-id=\"3a51bfb6\" data-element_type=\"column\" data-e-type=\"column\">\n\t\t\t<div class=\"elementor-widget-wrap elementor-element-populated\">\n\t\t\t\t\t\t<div class=\"elementor-element elementor-element-2425b4d0 elementor-widget elementor-widget-text-editor\" data-id=\"2425b4d0\" data-element_type=\"widget\" data-e-type=\"widget\" data-widget_type=\"text-editor.default\">\n\t\t\t\t<div class=\"elementor-widget-container\">\n\t\t\t\t\t\t\t\t\tLorem ipsum dolor sit amet, consectetur adipiscing elit, sed do eiusmod tempor incididunt ut labore et dolore magna aliqua. Ut enim ad minim veniam, quis nostrud exercitation ullamco laboris nisi ut aliquip ex ea commodo consequat. Duis aute irure dolor in reprehenderit in voluptate velit esse.\t\t\t\t\t\t\t\t<\/div>\n\t\t\t\t<\/div>\n\t\t\t\t\t<\/div>\n\t\t<\/div>\n\t\t\t\t\t<\/div>\n\t\t<\/section>\n\t\t\t\t<\/div>\n\t\t","protected":false},"excerpt":{"rendered":"<p data-start=\"1349\" data-end=\"1647\">This dress is handmade from recycled table linens, carefully transformed into a one-of-a-kind piece. Reused fabrics may show slight variations such as color changes, small stains, holes, or alterations. These details do not make the garment less perfect; they give it the beauty of a previous life.<\/p>\n<p data-start=\"1649\" data-end=\"1700\">The garment is exactly as shown in the photographs.<\/p>\n<p data-start=\"1702\" data-end=\"1801\">Composition: Blend of recycled materials and cotton.<br data-start=\"1758\" data-end=\"1761\" \/>Care recommendation: Dry clean only.<\/p>\n<p data-start=\"1803\" data-end=\"1851\">This piece is limited edition and one of a kind.<\/p>\n<p data-start=\"1853\" data-end=\"1965\">The model is 170 cm tall and wears size S. Thanks to its adjustable side ties, it can be adapted to other sizes.<\/p>\n<pre><em>Talle S\/M<\/em><\/pre>\n","protected":false},"featured_media":8959,"template":"","meta":[],"product_brand":[],"product_cat":[91],"product_tag":[],"class_list":{"0":"post-8924","1":"product","2":"type-product","3":"status-publish","4":"has-post-thumbnail","6":"product_cat-drop-i","8":"first","9":"instock","10":"shipping-taxable","11":"purchasable","12":"product-type-simple"},"yoast_head":"<!-- This site is optimized with the Yoast SEO plugin v24.6 - https:\/\/yoast.com\/wordpress\/plugins\/seo\/ -->\n<title>Mi Cielo Dress - MAISON SKOSH<\/title>\n<meta name=\"description\" content=\"Este vestido est\u00e1 hecho a mano a partir de manteler\u00eda reciclada, cuidadosamente transformado en una pieza \u00fanica. Los tejidos reutilizados pueden presentar ligeras variaciones, como cambios de color, peque\u00f1as manchas, agujeros o alteraciones.\" \/>\n<meta name=\"robots\" content=\"index, follow, max-snippet:-1, max-image-preview:large, max-video-preview:-1\" \/>\n<link rel=\"canonical\" href=\"https:\/\/maisonskosh.com\/en\/shop\/vestido-mi-cielo\/\" \/>\n<meta property=\"og:locale\" content=\"en_US\" \/>\n<meta property=\"og:type\" content=\"article\" \/>\n<meta property=\"og:title\" content=\"Mi Cielo Dress - MAISON SKOSH\" \/>\n<meta property=\"og:description\" content=\"Este vestido est\u00e1 hecho a mano a partir de manteler\u00eda reciclada, cuidadosamente transformado en una pieza \u00fanica. Los tejidos reutilizados pueden presentar ligeras variaciones, como cambios de color, peque\u00f1as manchas, agujeros o alteraciones.\" \/>\n<meta property=\"og:url\" content=\"https:\/\/maisonskosh.com\/en\/shop\/vestido-mi-cielo\/\" \/>\n<meta property=\"og:site_name\" content=\"MAISON SKOSH\" \/>\n<meta property=\"article:modified_time\" content=\"2026-04-16T14:43:06+00:00\" \/>\n<meta property=\"og:image\" content=\"https:\/\/maisonskosh.com\/wp-content\/uploads\/2025\/12\/IMG_8662-1-scaled.jpg\" \/>\n\t<meta property=\"og:image:width\" content=\"1922\" \/>\n\t<meta property=\"og:image:height\" content=\"2560\" \/>\n\t<meta property=\"og:image:type\" content=\"image\/jpeg\" \/>\n<meta name=\"twitter:card\" content=\"summary_large_image\" \/>\n<meta name=\"twitter:label1\" content=\"Est. reading time\" \/>\n\t<meta name=\"twitter:data1\" content=\"1 minute\" \/>\n<script type=\"application\/ld+json\" class=\"yoast-schema-graph\">{\"@context\":\"https:\/\/schema.org\",\"@graph\":[{\"@type\":\"WebPage\",\"@id\":\"https:\/\/maisonskosh.com\/shop\/vestido-mi-cielo\/\",\"url\":\"https:\/\/maisonskosh.com\/shop\/vestido-mi-cielo\/\",\"name\":\"Mi Cielo Dress - MAISON SKOSH\",\"isPartOf\":{\"@id\":\"https:\/\/maisonskosh.com\/#website\"},\"primaryImageOfPage\":{\"@id\":\"https:\/\/maisonskosh.com\/shop\/vestido-mi-cielo\/#primaryimage\"},\"image\":{\"@id\":\"https:\/\/maisonskosh.com\/shop\/vestido-mi-cielo\/#primaryimage\"},\"thumbnailUrl\":\"https:\/\/maisonskosh.com\/wp-content\/uploads\/2025\/12\/IMG_8662-1-scaled.jpg\",\"datePublished\":\"2025-12-20T15:47:47+00:00\",\"dateModified\":\"2026-04-16T14:43:06+00:00\",\"description\":\"Este vestido est\u00e1 hecho a mano a partir de manteler\u00eda reciclada, cuidadosamente transformado en una pieza \u00fanica. Los tejidos reutilizados pueden presentar ligeras variaciones, como cambios de color, peque\u00f1as manchas, agujeros o alteraciones.\",\"breadcrumb\":{\"@id\":\"https:\/\/maisonskosh.com\/shop\/vestido-mi-cielo\/#breadcrumb\"},\"inLanguage\":\"en-US\",\"potentialAction\":[{\"@type\":\"ReadAction\",\"target\":[\"https:\/\/maisonskosh.com\/shop\/vestido-mi-cielo\/\"]}]},{\"@type\":\"ImageObject\",\"inLanguage\":\"en-US\",\"@id\":\"https:\/\/maisonskosh.com\/shop\/vestido-mi-cielo\/#primaryimage\",\"url\":\"https:\/\/maisonskosh.com\/wp-content\/uploads\/2025\/12\/IMG_8662-1-scaled.jpg\",\"contentUrl\":\"https:\/\/maisonskosh.com\/wp-content\/uploads\/2025\/12\/IMG_8662-1-scaled.jpg\",\"width\":1922,\"height\":2560},{\"@type\":\"BreadcrumbList\",\"@id\":\"https:\/\/maisonskosh.com\/shop\/vestido-mi-cielo\/#breadcrumb\",\"itemListElement\":[{\"@type\":\"ListItem\",\"position\":1,\"name\":\"Home\",\"item\":\"https:\/\/maisonskosh.com\/\"},{\"@type\":\"ListItem\",\"position\":2,\"name\":\"Shop\",\"item\":\"https:\/\/maisonskosh.com\/shop\/\"},{\"@type\":\"ListItem\",\"position\":3,\"name\":\"Mi Cielo Dress\"}]},{\"@type\":\"WebSite\",\"@id\":\"https:\/\/maisonskosh.com\/#website\",\"url\":\"https:\/\/maisonskosh.com\/\",\"name\":\"MAISON SKOSH\",\"description\":\"Upcycling project\",\"publisher\":{\"@id\":\"https:\/\/maisonskosh.com\/#organization\"},\"potentialAction\":[{\"@type\":\"SearchAction\",\"target\":{\"@type\":\"EntryPoint\",\"urlTemplate\":\"https:\/\/maisonskosh.com\/?s={search_term_string}\"},\"query-input\":{\"@type\":\"PropertyValueSpecification\",\"valueRequired\":true,\"valueName\":\"search_term_string\"}}],\"inLanguage\":\"en-US\"},{\"@type\":\"Organization\",\"@id\":\"https:\/\/maisonskosh.com\/#organization\",\"name\":\"SKOSH\",\"url\":\"https:\/\/maisonskosh.com\/\",\"logo\":{\"@type\":\"ImageObject\",\"inLanguage\":\"en-US\",\"@id\":\"https:\/\/maisonskosh.com\/#\/schema\/logo\/image\/\",\"url\":\"https:\/\/maisonskosh.com\/wp-content\/uploads\/2026\/01\/logoconsubsolo.png\",\"contentUrl\":\"https:\/\/maisonskosh.com\/wp-content\/uploads\/2026\/01\/logoconsubsolo.png\",\"width\":1301,\"height\":425,\"caption\":\"SKOSH\"},\"image\":{\"@id\":\"https:\/\/maisonskosh.com\/#\/schema\/logo\/image\/\"},\"sameAs\":[\"https:\/\/www.instagram.com\/maisonskosh\/\"]}]}<\/script>\n<!-- \/ Yoast SEO plugin. -->","yoast_head_json":{"title":"Mi Cielo Dress - MAISON SKOSH","description":"Este vestido est\u00e1 hecho a mano a partir de manteler\u00eda reciclada, cuidadosamente transformado en una pieza \u00fanica. Los tejidos reutilizados pueden presentar ligeras variaciones, como cambios de color, peque\u00f1as manchas, agujeros o alteraciones.","robots":{"index":"index","follow":"follow","max-snippet":"max-snippet:-1","max-image-preview":"max-image-preview:large","max-video-preview":"max-video-preview:-1"},"canonical":"https:\/\/maisonskosh.com\/en\/shop\/vestido-mi-cielo\/","og_locale":"en_US","og_type":"article","og_title":"Mi Cielo Dress - MAISON SKOSH","og_description":"Este vestido est\u00e1 hecho a mano a partir de manteler\u00eda reciclada, cuidadosamente transformado en una pieza \u00fanica. Los tejidos reutilizados pueden presentar ligeras variaciones, como cambios de color, peque\u00f1as manchas, agujeros o alteraciones.","og_url":"https:\/\/maisonskosh.com\/en\/shop\/vestido-mi-cielo\/","og_site_name":"MAISON SKOSH","article_modified_time":"2026-04-16T14:43:06+00:00","og_image":[{"width":1922,"height":2560,"url":"https:\/\/maisonskosh.com\/wp-content\/uploads\/2025\/12\/IMG_8662-1-scaled.jpg","type":"image\/jpeg"}],"twitter_card":"summary_large_image","twitter_misc":{"Est. reading time":"1 minute"},"schema":{"@context":"https:\/\/schema.org","@graph":[{"@type":"WebPage","@id":"https:\/\/maisonskosh.com\/shop\/vestido-mi-cielo\/","url":"https:\/\/maisonskosh.com\/shop\/vestido-mi-cielo\/","name":"Mi Cielo Dress - MAISON SKOSH","isPartOf":{"@id":"https:\/\/maisonskosh.com\/#website"},"primaryImageOfPage":{"@id":"https:\/\/maisonskosh.com\/shop\/vestido-mi-cielo\/#primaryimage"},"image":{"@id":"https:\/\/maisonskosh.com\/shop\/vestido-mi-cielo\/#primaryimage"},"thumbnailUrl":"https:\/\/maisonskosh.com\/wp-content\/uploads\/2025\/12\/IMG_8662-1-scaled.jpg","datePublished":"2025-12-20T15:47:47+00:00","dateModified":"2026-04-16T14:43:06+00:00","description":"Este vestido est\u00e1 hecho a mano a partir de manteler\u00eda reciclada, cuidadosamente transformado en una pieza \u00fanica. Los tejidos reutilizados pueden presentar ligeras variaciones, como cambios de color, peque\u00f1as manchas, agujeros o alteraciones.","breadcrumb":{"@id":"https:\/\/maisonskosh.com\/shop\/vestido-mi-cielo\/#breadcrumb"},"inLanguage":"en-US","potentialAction":[{"@type":"ReadAction","target":["https:\/\/maisonskosh.com\/shop\/vestido-mi-cielo\/"]}]},{"@type":"ImageObject","inLanguage":"en-US","@id":"https:\/\/maisonskosh.com\/shop\/vestido-mi-cielo\/#primaryimage","url":"https:\/\/maisonskosh.com\/wp-content\/uploads\/2025\/12\/IMG_8662-1-scaled.jpg","contentUrl":"https:\/\/maisonskosh.com\/wp-content\/uploads\/2025\/12\/IMG_8662-1-scaled.jpg","width":1922,"height":2560},{"@type":"BreadcrumbList","@id":"https:\/\/maisonskosh.com\/shop\/vestido-mi-cielo\/#breadcrumb","itemListElement":[{"@type":"ListItem","position":1,"name":"Home","item":"https:\/\/maisonskosh.com\/"},{"@type":"ListItem","position":2,"name":"Shop","item":"https:\/\/maisonskosh.com\/shop\/"},{"@type":"ListItem","position":3,"name":"Mi Cielo Dress"}]},{"@type":"WebSite","@id":"https:\/\/maisonskosh.com\/#website","url":"https:\/\/maisonskosh.com\/","name":"MAISON SKOSH","description":"Upcycling project","publisher":{"@id":"https:\/\/maisonskosh.com\/#organization"},"potentialAction":[{"@type":"SearchAction","target":{"@type":"EntryPoint","urlTemplate":"https:\/\/maisonskosh.com\/?s={search_term_string}"},"query-input":{"@type":"PropertyValueSpecification","valueRequired":true,"valueName":"search_term_string"}}],"inLanguage":"en-US"},{"@type":"Organization","@id":"https:\/\/maisonskosh.com\/#organization","name":"SKOSH","url":"https:\/\/maisonskosh.com\/","logo":{"@type":"ImageObject","inLanguage":"en-US","@id":"https:\/\/maisonskosh.com\/#\/schema\/logo\/image\/","url":"https:\/\/maisonskosh.com\/wp-content\/uploads\/2026\/01\/logoconsubsolo.png","contentUrl":"https:\/\/maisonskosh.com\/wp-content\/uploads\/2026\/01\/logoconsubsolo.png","width":1301,"height":425,"caption":"SKOSH"},"image":{"@id":"https:\/\/maisonskosh.com\/#\/schema\/logo\/image\/"},"sameAs":["https:\/\/www.instagram.com\/maisonskosh\/"]}]}},"_links":{"self":[{"href":"https:\/\/maisonskosh.com\/en\/wp-json\/wp\/v2\/product\/8924","targetHints":{"allow":["GET"]}}],"collection":[{"href":"https:\/\/maisonskosh.com\/en\/wp-json\/wp\/v2\/product"}],"about":[{"href":"https:\/\/maisonskosh.com\/en\/wp-json\/wp\/v2\/types\/product"}],"wp:featuredmedia":[{"embeddable":true,"href":"https:\/\/maisonskosh.com\/en\/wp-json\/wp\/v2\/media\/8959"}],"wp:attachment":[{"href":"https:\/\/maisonskosh.com\/en\/wp-json\/wp\/v2\/media?parent=8924"}],"wp:term":[{"taxonomy":"product_brand","embeddable":true,"href":"https:\/\/maisonskosh.com\/en\/wp-json\/wp\/v2\/product_brand?post=8924"},{"taxonomy":"product_cat","embeddable":true,"href":"https:\/\/maisonskosh.com\/en\/wp-json\/wp\/v2\/product_cat?post=8924"},{"taxonomy":"product_tag","embeddable":true,"href":"https:\/\/maisonskosh.com\/en\/wp-json\/wp\/v2\/product_tag?post=8924"}],"curies":[{"name":"wp","href":"https:\/\/api.w.org\/{rel}","templated":true}]}}