{"id":503,"date":"2022-09-27T11:23:41","date_gmt":"2022-09-27T11:23:41","guid":{"rendered":"https:\/\/corsen.qodeinteractive.com\/?post_type=product&#038;p=503"},"modified":"2026-04-16T14:45:48","modified_gmt":"2026-04-16T14:45:48","slug":"top-latido","status":"publish","type":"product","link":"https:\/\/maisonskosh.com\/es\/shop\/top-latido\/","title":{"rendered":"Top Latido"},"content":{"rendered":"<div data-elementor-type=\"wp-post\" data-elementor-id=\"503\" class=\"elementor elementor-503\" data-elementor-post-type=\"product\">\n\t\t\t\t\t\t<section class=\"elementor-section elementor-top-section elementor-element elementor-element-60722615 elementor-section-full_width elementor-section-height-default elementor-section-height-default\" data-id=\"60722615\" data-element_type=\"section\" data-e-type=\"section\">\n\t\t\t\t\t\t<div class=\"elementor-container elementor-column-gap-default\">\n\t\t\t\t\t<div class=\"elementor-column elementor-col-100 elementor-top-column elementor-element elementor-element-5dce75e5\" data-id=\"5dce75e5\" data-element_type=\"column\" data-e-type=\"column\">\n\t\t\t<div class=\"elementor-widget-wrap elementor-element-populated\">\n\t\t\t\t\t\t<div class=\"elementor-element elementor-element-3fa2af elementor-widget elementor-widget-text-editor\" data-id=\"3fa2af\" data-element_type=\"widget\" data-e-type=\"widget\" data-widget_type=\"text-editor.default\">\n\t\t\t\t<div class=\"elementor-widget-container\">\n\t\t\t\t\t\t\t\t\tLorem ipsum dolor sit amet, consectetur adipiscing elit, sed do eiusmod tempor incididunt ut labore et dolore magna aliqua. Ut enim ad minim veniam, quis nostrud exercitation ullamco laboris nisi ut aliquip ex ea commodo consequat. Duis aute irure dolor in reprehenderit in voluptate velit esse.\t\t\t\t\t\t\t\t<\/div>\n\t\t\t\t<\/div>\n\t\t\t\t\t<\/div>\n\t\t<\/div>\n\t\t\t\t\t<\/div>\n\t\t<\/section>\n\t\t\t\t<\/div>","protected":false},"excerpt":{"rendered":"<p data-start=\"3699\" data-end=\"3953\">Este top est\u00e1 hecho a mano a partir de manteler\u00eda antigua reciclada, cuidadosamente ensambladas para crear una pieza \u00fanica. El dise\u00f1o presenta cortes irregulares y ajuste a partir de tiras en los hombros, aportando un estilo asim\u00e9trico y ligero.<\/p>\n<p data-start=\"3955\" data-end=\"4069\">Los materiales reutilizados pueden mostrar se\u00f1ales de su vida anterior, como variaciones en el color, peque\u00f1as imperfecciones o ajustes.<\/p>\n<p data-start=\"4071\" data-end=\"4122\">La prenda es tal como se muestra en las fotograf\u00edas.<\/p>\n<p data-start=\"4124\" data-end=\"4246\">Composici\u00f3n: Mezcla de materiales reciclados, manteler\u00eda vintage y algod\u00f3n.<br data-start=\"4203\" data-end=\"4206\" \/>Recomendaci\u00f3n de cuidado: limpieza en seco.<\/p>\n<p data-start=\"4248\" data-end=\"4296\">Esta pieza es edici\u00f3n limitada y \u00fanica.<\/p>\n<p data-start=\"4298\" data-end=\"4392\">La modelo mide 1,70 cm y usa talle S, pero puede ajustarse a otras talles a gracias a su dise\u00f1o suelto.<\/p>\n<pre><em>Talle S<\/em><\/pre>","protected":false},"featured_media":8999,"template":"","meta":[],"product_brand":[],"product_cat":[91],"product_tag":[],"class_list":{"0":"post-503","1":"product","2":"type-product","3":"status-publish","4":"has-post-thumbnail","6":"product_cat-drop-i","8":"first","9":"outofstock","10":"shipping-taxable","11":"purchasable","12":"product-type-simple"},"yoast_head":"<!-- This site is optimized with the Yoast SEO plugin v24.6 - https:\/\/yoast.com\/wordpress\/plugins\/seo\/ -->\n<title>Latido Top - MAISON SKOSH<\/title>\n<meta name=\"description\" content=\"Este top est\u00e1 hecho a mano a partir de manteler\u00eda antigua reciclada, cuidadosamente ensambladas para crear una pieza \u00fanica. El dise\u00f1o presenta cortes irregulares y ajuste a partir de tiras en espalda y hombros, aportando un estilo asim\u00e9trico y ligero.\" \/>\n<meta name=\"robots\" content=\"index, follow, max-snippet:-1, max-image-preview:large, max-video-preview:-1\" \/>\n<link rel=\"canonical\" href=\"https:\/\/maisonskosh.com\/es\/shop\/top-latido\/\" \/>\n<meta property=\"og:locale\" content=\"es_ES\" \/>\n<meta property=\"og:type\" content=\"article\" \/>\n<meta property=\"og:title\" content=\"Latido Top - MAISON SKOSH\" \/>\n<meta property=\"og:description\" content=\"Este top est\u00e1 hecho a mano a partir de manteler\u00eda antigua reciclada, cuidadosamente ensambladas para crear una pieza \u00fanica. El dise\u00f1o presenta cortes irregulares y ajuste a partir de tiras en espalda y hombros, aportando un estilo asim\u00e9trico y ligero.\" \/>\n<meta property=\"og:url\" content=\"https:\/\/maisonskosh.com\/es\/shop\/top-latido\/\" \/>\n<meta property=\"og:site_name\" content=\"MAISON SKOSH\" \/>\n<meta property=\"article:modified_time\" content=\"2026-04-16T14:45:48+00:00\" \/>\n<meta property=\"og:image\" content=\"https:\/\/maisonskosh.com\/wp-content\/uploads\/2022\/09\/IMG_8900-scaled.jpg\" \/>\n\t<meta property=\"og:image:width\" content=\"1922\" \/>\n\t<meta property=\"og:image:height\" content=\"2560\" \/>\n\t<meta property=\"og:image:type\" content=\"image\/jpeg\" \/>\n<meta name=\"twitter:card\" content=\"summary_large_image\" \/>\n<meta name=\"twitter:label1\" content=\"Tiempo de lectura\" \/>\n\t<meta name=\"twitter:data1\" content=\"1 minuto\" \/>\n<script type=\"application\/ld+json\" class=\"yoast-schema-graph\">{\"@context\":\"https:\/\/schema.org\",\"@graph\":[{\"@type\":\"WebPage\",\"@id\":\"https:\/\/maisonskosh.com\/shop\/top-latido\/\",\"url\":\"https:\/\/maisonskosh.com\/shop\/top-latido\/\",\"name\":\"Latido Top - MAISON SKOSH\",\"isPartOf\":{\"@id\":\"https:\/\/maisonskosh.com\/#website\"},\"primaryImageOfPage\":{\"@id\":\"https:\/\/maisonskosh.com\/shop\/top-latido\/#primaryimage\"},\"image\":{\"@id\":\"https:\/\/maisonskosh.com\/shop\/top-latido\/#primaryimage\"},\"thumbnailUrl\":\"https:\/\/maisonskosh.com\/wp-content\/uploads\/2022\/09\/IMG_8900-scaled.jpg\",\"datePublished\":\"2022-09-27T11:23:41+00:00\",\"dateModified\":\"2026-04-16T14:45:48+00:00\",\"description\":\"Este top est\u00e1 hecho a mano a partir de manteler\u00eda antigua reciclada, cuidadosamente ensambladas para crear una pieza \u00fanica. El dise\u00f1o presenta cortes irregulares y ajuste a partir de tiras en espalda y hombros, aportando un estilo asim\u00e9trico y ligero.\",\"breadcrumb\":{\"@id\":\"https:\/\/maisonskosh.com\/shop\/top-latido\/#breadcrumb\"},\"inLanguage\":\"es\",\"potentialAction\":[{\"@type\":\"ReadAction\",\"target\":[\"https:\/\/maisonskosh.com\/shop\/top-latido\/\"]}]},{\"@type\":\"ImageObject\",\"inLanguage\":\"es\",\"@id\":\"https:\/\/maisonskosh.com\/shop\/top-latido\/#primaryimage\",\"url\":\"https:\/\/maisonskosh.com\/wp-content\/uploads\/2022\/09\/IMG_8900-scaled.jpg\",\"contentUrl\":\"https:\/\/maisonskosh.com\/wp-content\/uploads\/2022\/09\/IMG_8900-scaled.jpg\",\"width\":1922,\"height\":2560},{\"@type\":\"BreadcrumbList\",\"@id\":\"https:\/\/maisonskosh.com\/shop\/top-latido\/#breadcrumb\",\"itemListElement\":[{\"@type\":\"ListItem\",\"position\":1,\"name\":\"Home\",\"item\":\"https:\/\/maisonskosh.com\/\"},{\"@type\":\"ListItem\",\"position\":2,\"name\":\"Shop\",\"item\":\"https:\/\/maisonskosh.com\/shop\/\"},{\"@type\":\"ListItem\",\"position\":3,\"name\":\"Latido Top\"}]},{\"@type\":\"WebSite\",\"@id\":\"https:\/\/maisonskosh.com\/#website\",\"url\":\"https:\/\/maisonskosh.com\/\",\"name\":\"MAISON SKOSH\",\"description\":\"Upcycling project\",\"publisher\":{\"@id\":\"https:\/\/maisonskosh.com\/#organization\"},\"potentialAction\":[{\"@type\":\"SearchAction\",\"target\":{\"@type\":\"EntryPoint\",\"urlTemplate\":\"https:\/\/maisonskosh.com\/?s={search_term_string}\"},\"query-input\":{\"@type\":\"PropertyValueSpecification\",\"valueRequired\":true,\"valueName\":\"search_term_string\"}}],\"inLanguage\":\"es\"},{\"@type\":\"Organization\",\"@id\":\"https:\/\/maisonskosh.com\/#organization\",\"name\":\"SKOSH\",\"url\":\"https:\/\/maisonskosh.com\/\",\"logo\":{\"@type\":\"ImageObject\",\"inLanguage\":\"es\",\"@id\":\"https:\/\/maisonskosh.com\/#\/schema\/logo\/image\/\",\"url\":\"https:\/\/maisonskosh.com\/wp-content\/uploads\/2026\/01\/logoconsubsolo.png\",\"contentUrl\":\"https:\/\/maisonskosh.com\/wp-content\/uploads\/2026\/01\/logoconsubsolo.png\",\"width\":1301,\"height\":425,\"caption\":\"SKOSH\"},\"image\":{\"@id\":\"https:\/\/maisonskosh.com\/#\/schema\/logo\/image\/\"},\"sameAs\":[\"https:\/\/www.instagram.com\/maisonskosh\/\"]}]}<\/script>\n<!-- \/ Yoast SEO plugin. -->","yoast_head_json":{"title":"Latido Top - MAISON SKOSH","description":"Este top est\u00e1 hecho a mano a partir de manteler\u00eda antigua reciclada, cuidadosamente ensambladas para crear una pieza \u00fanica. El dise\u00f1o presenta cortes irregulares y ajuste a partir de tiras en espalda y hombros, aportando un estilo asim\u00e9trico y ligero.","robots":{"index":"index","follow":"follow","max-snippet":"max-snippet:-1","max-image-preview":"max-image-preview:large","max-video-preview":"max-video-preview:-1"},"canonical":"https:\/\/maisonskosh.com\/es\/shop\/top-latido\/","og_locale":"es_ES","og_type":"article","og_title":"Latido Top - MAISON SKOSH","og_description":"Este top est\u00e1 hecho a mano a partir de manteler\u00eda antigua reciclada, cuidadosamente ensambladas para crear una pieza \u00fanica. El dise\u00f1o presenta cortes irregulares y ajuste a partir de tiras en espalda y hombros, aportando un estilo asim\u00e9trico y ligero.","og_url":"https:\/\/maisonskosh.com\/es\/shop\/top-latido\/","og_site_name":"MAISON SKOSH","article_modified_time":"2026-04-16T14:45:48+00:00","og_image":[{"width":1922,"height":2560,"url":"https:\/\/maisonskosh.com\/wp-content\/uploads\/2022\/09\/IMG_8900-scaled.jpg","type":"image\/jpeg"}],"twitter_card":"summary_large_image","twitter_misc":{"Tiempo de lectura":"1 minuto"},"schema":{"@context":"https:\/\/schema.org","@graph":[{"@type":"WebPage","@id":"https:\/\/maisonskosh.com\/shop\/top-latido\/","url":"https:\/\/maisonskosh.com\/shop\/top-latido\/","name":"Latido Top - MAISON SKOSH","isPartOf":{"@id":"https:\/\/maisonskosh.com\/#website"},"primaryImageOfPage":{"@id":"https:\/\/maisonskosh.com\/shop\/top-latido\/#primaryimage"},"image":{"@id":"https:\/\/maisonskosh.com\/shop\/top-latido\/#primaryimage"},"thumbnailUrl":"https:\/\/maisonskosh.com\/wp-content\/uploads\/2022\/09\/IMG_8900-scaled.jpg","datePublished":"2022-09-27T11:23:41+00:00","dateModified":"2026-04-16T14:45:48+00:00","description":"Este top est\u00e1 hecho a mano a partir de manteler\u00eda antigua reciclada, cuidadosamente ensambladas para crear una pieza \u00fanica. El dise\u00f1o presenta cortes irregulares y ajuste a partir de tiras en espalda y hombros, aportando un estilo asim\u00e9trico y ligero.","breadcrumb":{"@id":"https:\/\/maisonskosh.com\/shop\/top-latido\/#breadcrumb"},"inLanguage":"es","potentialAction":[{"@type":"ReadAction","target":["https:\/\/maisonskosh.com\/shop\/top-latido\/"]}]},{"@type":"ImageObject","inLanguage":"es","@id":"https:\/\/maisonskosh.com\/shop\/top-latido\/#primaryimage","url":"https:\/\/maisonskosh.com\/wp-content\/uploads\/2022\/09\/IMG_8900-scaled.jpg","contentUrl":"https:\/\/maisonskosh.com\/wp-content\/uploads\/2022\/09\/IMG_8900-scaled.jpg","width":1922,"height":2560},{"@type":"BreadcrumbList","@id":"https:\/\/maisonskosh.com\/shop\/top-latido\/#breadcrumb","itemListElement":[{"@type":"ListItem","position":1,"name":"Home","item":"https:\/\/maisonskosh.com\/"},{"@type":"ListItem","position":2,"name":"Shop","item":"https:\/\/maisonskosh.com\/shop\/"},{"@type":"ListItem","position":3,"name":"Latido Top"}]},{"@type":"WebSite","@id":"https:\/\/maisonskosh.com\/#website","url":"https:\/\/maisonskosh.com\/","name":"MAISON SKOSH","description":"Upcycling project","publisher":{"@id":"https:\/\/maisonskosh.com\/#organization"},"potentialAction":[{"@type":"SearchAction","target":{"@type":"EntryPoint","urlTemplate":"https:\/\/maisonskosh.com\/?s={search_term_string}"},"query-input":{"@type":"PropertyValueSpecification","valueRequired":true,"valueName":"search_term_string"}}],"inLanguage":"es"},{"@type":"Organization","@id":"https:\/\/maisonskosh.com\/#organization","name":"SKOSH","url":"https:\/\/maisonskosh.com\/","logo":{"@type":"ImageObject","inLanguage":"es","@id":"https:\/\/maisonskosh.com\/#\/schema\/logo\/image\/","url":"https:\/\/maisonskosh.com\/wp-content\/uploads\/2026\/01\/logoconsubsolo.png","contentUrl":"https:\/\/maisonskosh.com\/wp-content\/uploads\/2026\/01\/logoconsubsolo.png","width":1301,"height":425,"caption":"SKOSH"},"image":{"@id":"https:\/\/maisonskosh.com\/#\/schema\/logo\/image\/"},"sameAs":["https:\/\/www.instagram.com\/maisonskosh\/"]}]}},"_links":{"self":[{"href":"https:\/\/maisonskosh.com\/es\/wp-json\/wp\/v2\/product\/503","targetHints":{"allow":["GET"]}}],"collection":[{"href":"https:\/\/maisonskosh.com\/es\/wp-json\/wp\/v2\/product"}],"about":[{"href":"https:\/\/maisonskosh.com\/es\/wp-json\/wp\/v2\/types\/product"}],"wp:featuredmedia":[{"embeddable":true,"href":"https:\/\/maisonskosh.com\/es\/wp-json\/wp\/v2\/media\/8999"}],"wp:attachment":[{"href":"https:\/\/maisonskosh.com\/es\/wp-json\/wp\/v2\/media?parent=503"}],"wp:term":[{"taxonomy":"product_brand","embeddable":true,"href":"https:\/\/maisonskosh.com\/es\/wp-json\/wp\/v2\/product_brand?post=503"},{"taxonomy":"product_cat","embeddable":true,"href":"https:\/\/maisonskosh.com\/es\/wp-json\/wp\/v2\/product_cat?post=503"},{"taxonomy":"product_tag","embeddable":true,"href":"https:\/\/maisonskosh.com\/es\/wp-json\/wp\/v2\/product_tag?post=503"}],"curies":[{"name":"wp","href":"https:\/\/api.w.org\/{rel}","templated":true}]}}