{"id":8925,"date":"2025-12-20T15:48:33","date_gmt":"2025-12-20T15:48:33","guid":{"rendered":"https:\/\/maisonskosh.com\/?post_type=product&#038;p=8925"},"modified":"2026-05-04T18:20:31","modified_gmt":"2026-05-04T18:20:31","slug":"falda-huella","status":"publish","type":"product","link":"https:\/\/maisonskosh.com\/es\/shop\/falda-huella\/","title":{"rendered":"Falda Huella"},"content":{"rendered":"<div data-elementor-type=\"wp-post\" data-elementor-id=\"8925\" class=\"elementor elementor-8925\" data-elementor-post-type=\"product\">\n\t\t\t\t\t\t<section class=\"elementor-section elementor-top-section elementor-element elementor-element-35c3fc52 elementor-section-full_width elementor-section-height-default elementor-section-height-default\" data-id=\"35c3fc52\" data-element_type=\"section\" data-e-type=\"section\">\n\t\t\t\t\t\t<div class=\"elementor-container elementor-column-gap-default\">\n\t\t\t\t\t<div class=\"elementor-column elementor-col-100 elementor-top-column elementor-element elementor-element-3a51bfb6\" data-id=\"3a51bfb6\" data-element_type=\"column\" data-e-type=\"column\">\n\t\t\t<div class=\"elementor-widget-wrap elementor-element-populated\">\n\t\t\t\t\t\t<div class=\"elementor-element elementor-element-2425b4d0 elementor-widget elementor-widget-text-editor\" data-id=\"2425b4d0\" data-element_type=\"widget\" data-e-type=\"widget\" data-widget_type=\"text-editor.default\">\n\t\t\t\t<div class=\"elementor-widget-container\">\n\t\t\t\t\t\t\t\t\tLorem ipsum dolor sit amet, consectetur adipiscing elit, sed do eiusmod tempor incididunt ut labore et dolore magna aliqua. Ut enim ad minim veniam, quis nostrud exercitation ullamco laboris nisi ut aliquip ex ea commodo consequat. Duis aute irure dolor in reprehenderit in voluptate velit esse.\t\t\t\t\t\t\t\t<\/div>\n\t\t\t\t<\/div>\n\t\t\t\t\t<\/div>\n\t\t<\/div>\n\t\t\t\t\t<\/div>\n\t\t<\/section>\n\t\t\t\t<\/div>","protected":false},"excerpt":{"rendered":"<p data-start=\"3105\" data-end=\"3342\">Esta falda ha sido confeccionada a mano utilizando manteler\u00eda reciclada, transformada en una prenda \u00fanica con detalles tejidos cuidadosamente. Los materiales reutilizados pueden mostrar se\u00f1ales de su vida anterior, como variaciones en el color, peque\u00f1as manchas, agujeros o ajustes.<\/p>\n<p data-start=\"3344\" data-end=\"3395\">La prenda es tal como se muestra en las fotograf\u00edas.<\/p>\n<p data-start=\"3397\" data-end=\"3496\">Composici\u00f3n: mezcla de materiales reciclados y algod\u00f3n.<br data-start=\"3453\" data-end=\"3456\" \/>Recomendaci\u00f3n de cuidado: limpieza en seco.<\/p>\n<p data-start=\"3498\" data-end=\"3546\">Esta pieza es edici\u00f3n limitada y \u00fanica.<\/p>\n<p data-start=\"3548\" data-end=\"3669\">La modelo mide 1,70 cm y usa talle S, pero puede ajustarse a otras talles a gracias a sus lazos regulables.<\/p>\n<pre><em>Talle S\/M<\/em><\/pre>","protected":false},"featured_media":8952,"template":"","meta":[],"product_brand":[],"product_cat":[91],"product_tag":[],"class_list":{"0":"post-8925","1":"product","2":"type-product","3":"status-publish","4":"has-post-thumbnail","6":"product_cat-drop-i","8":"first","9":"outofstock","10":"shipping-taxable","11":"purchasable","12":"product-type-simple"},"yoast_head":"<!-- This site is optimized with the Yoast SEO plugin v24.6 - https:\/\/yoast.com\/wordpress\/plugins\/seo\/ -->\n<title>Huella Skirt - MAISON SKOSH<\/title>\n<meta name=\"description\" content=\"Esta falda ha sido confeccionada a mano utilizando manteler\u00eda reciclada, transformada en una prenda \u00fanica con detalles tejidos cuidadosamente. Los materiales reutilizados pueden mostrar se\u00f1ales de su vida anterior, como variaciones en el color, peque\u00f1as manchas, agujeros o ajustes.\" \/>\n<meta name=\"robots\" content=\"index, follow, max-snippet:-1, max-image-preview:large, max-video-preview:-1\" \/>\n<link rel=\"canonical\" href=\"https:\/\/maisonskosh.com\/es\/shop\/falda-huella\/\" \/>\n<meta property=\"og:locale\" content=\"es_ES\" \/>\n<meta property=\"og:type\" content=\"article\" \/>\n<meta property=\"og:title\" content=\"Huella Skirt - MAISON SKOSH\" \/>\n<meta property=\"og:description\" content=\"Esta falda ha sido confeccionada a mano utilizando manteler\u00eda reciclada, transformada en una prenda \u00fanica con detalles tejidos cuidadosamente. Los materiales reutilizados pueden mostrar se\u00f1ales de su vida anterior, como variaciones en el color, peque\u00f1as manchas, agujeros o ajustes.\" \/>\n<meta property=\"og:url\" content=\"https:\/\/maisonskosh.com\/es\/shop\/falda-huella\/\" \/>\n<meta property=\"og:site_name\" content=\"MAISON SKOSH\" \/>\n<meta property=\"article:modified_time\" content=\"2026-05-04T18:20:31+00:00\" \/>\n<meta property=\"og:image\" content=\"https:\/\/maisonskosh.com\/wp-content\/uploads\/2025\/12\/IMG_8604-1-scaled.jpg\" \/>\n\t<meta property=\"og:image:width\" content=\"1922\" \/>\n\t<meta property=\"og:image:height\" content=\"2560\" \/>\n\t<meta property=\"og:image:type\" content=\"image\/jpeg\" \/>\n<meta name=\"twitter:card\" content=\"summary_large_image\" \/>\n<meta name=\"twitter:label1\" content=\"Tiempo de lectura\" \/>\n\t<meta name=\"twitter:data1\" content=\"1 minuto\" \/>\n<script type=\"application\/ld+json\" class=\"yoast-schema-graph\">{\"@context\":\"https:\/\/schema.org\",\"@graph\":[{\"@type\":\"WebPage\",\"@id\":\"https:\/\/maisonskosh.com\/shop\/falda-huella\/\",\"url\":\"https:\/\/maisonskosh.com\/shop\/falda-huella\/\",\"name\":\"Huella Skirt - MAISON SKOSH\",\"isPartOf\":{\"@id\":\"https:\/\/maisonskosh.com\/#website\"},\"primaryImageOfPage\":{\"@id\":\"https:\/\/maisonskosh.com\/shop\/falda-huella\/#primaryimage\"},\"image\":{\"@id\":\"https:\/\/maisonskosh.com\/shop\/falda-huella\/#primaryimage\"},\"thumbnailUrl\":\"https:\/\/maisonskosh.com\/wp-content\/uploads\/2025\/12\/IMG_8604-1-scaled.jpg\",\"datePublished\":\"2025-12-20T15:48:33+00:00\",\"dateModified\":\"2026-05-04T18:20:31+00:00\",\"description\":\"Esta falda ha sido confeccionada a mano utilizando manteler\u00eda reciclada, transformada en una prenda \u00fanica con detalles tejidos cuidadosamente. Los materiales reutilizados pueden mostrar se\u00f1ales de su vida anterior, como variaciones en el color, peque\u00f1as manchas, agujeros o ajustes.\",\"breadcrumb\":{\"@id\":\"https:\/\/maisonskosh.com\/shop\/falda-huella\/#breadcrumb\"},\"inLanguage\":\"es\",\"potentialAction\":[{\"@type\":\"ReadAction\",\"target\":[\"https:\/\/maisonskosh.com\/shop\/falda-huella\/\"]}]},{\"@type\":\"ImageObject\",\"inLanguage\":\"es\",\"@id\":\"https:\/\/maisonskosh.com\/shop\/falda-huella\/#primaryimage\",\"url\":\"https:\/\/maisonskosh.com\/wp-content\/uploads\/2025\/12\/IMG_8604-1-scaled.jpg\",\"contentUrl\":\"https:\/\/maisonskosh.com\/wp-content\/uploads\/2025\/12\/IMG_8604-1-scaled.jpg\",\"width\":1922,\"height\":2560},{\"@type\":\"BreadcrumbList\",\"@id\":\"https:\/\/maisonskosh.com\/shop\/falda-huella\/#breadcrumb\",\"itemListElement\":[{\"@type\":\"ListItem\",\"position\":1,\"name\":\"Home\",\"item\":\"https:\/\/maisonskosh.com\/\"},{\"@type\":\"ListItem\",\"position\":2,\"name\":\"Shop\",\"item\":\"https:\/\/maisonskosh.com\/shop\/\"},{\"@type\":\"ListItem\",\"position\":3,\"name\":\"Huella Skirt\"}]},{\"@type\":\"WebSite\",\"@id\":\"https:\/\/maisonskosh.com\/#website\",\"url\":\"https:\/\/maisonskosh.com\/\",\"name\":\"MAISON SKOSH\",\"description\":\"Upcycling project\",\"publisher\":{\"@id\":\"https:\/\/maisonskosh.com\/#organization\"},\"potentialAction\":[{\"@type\":\"SearchAction\",\"target\":{\"@type\":\"EntryPoint\",\"urlTemplate\":\"https:\/\/maisonskosh.com\/?s={search_term_string}\"},\"query-input\":{\"@type\":\"PropertyValueSpecification\",\"valueRequired\":true,\"valueName\":\"search_term_string\"}}],\"inLanguage\":\"es\"},{\"@type\":\"Organization\",\"@id\":\"https:\/\/maisonskosh.com\/#organization\",\"name\":\"SKOSH\",\"url\":\"https:\/\/maisonskosh.com\/\",\"logo\":{\"@type\":\"ImageObject\",\"inLanguage\":\"es\",\"@id\":\"https:\/\/maisonskosh.com\/#\/schema\/logo\/image\/\",\"url\":\"https:\/\/maisonskosh.com\/wp-content\/uploads\/2026\/01\/logoconsubsolo.png\",\"contentUrl\":\"https:\/\/maisonskosh.com\/wp-content\/uploads\/2026\/01\/logoconsubsolo.png\",\"width\":1301,\"height\":425,\"caption\":\"SKOSH\"},\"image\":{\"@id\":\"https:\/\/maisonskosh.com\/#\/schema\/logo\/image\/\"},\"sameAs\":[\"https:\/\/www.instagram.com\/maisonskosh\/\"]}]}<\/script>\n<!-- \/ Yoast SEO plugin. -->","yoast_head_json":{"title":"Huella Skirt - MAISON SKOSH","description":"Esta falda ha sido confeccionada a mano utilizando manteler\u00eda reciclada, transformada en una prenda \u00fanica con detalles tejidos cuidadosamente. Los materiales reutilizados pueden mostrar se\u00f1ales de su vida anterior, como variaciones en el color, peque\u00f1as manchas, agujeros o ajustes.","robots":{"index":"index","follow":"follow","max-snippet":"max-snippet:-1","max-image-preview":"max-image-preview:large","max-video-preview":"max-video-preview:-1"},"canonical":"https:\/\/maisonskosh.com\/es\/shop\/falda-huella\/","og_locale":"es_ES","og_type":"article","og_title":"Huella Skirt - MAISON SKOSH","og_description":"Esta falda ha sido confeccionada a mano utilizando manteler\u00eda reciclada, transformada en una prenda \u00fanica con detalles tejidos cuidadosamente. Los materiales reutilizados pueden mostrar se\u00f1ales de su vida anterior, como variaciones en el color, peque\u00f1as manchas, agujeros o ajustes.","og_url":"https:\/\/maisonskosh.com\/es\/shop\/falda-huella\/","og_site_name":"MAISON SKOSH","article_modified_time":"2026-05-04T18:20:31+00:00","og_image":[{"width":1922,"height":2560,"url":"https:\/\/maisonskosh.com\/wp-content\/uploads\/2025\/12\/IMG_8604-1-scaled.jpg","type":"image\/jpeg"}],"twitter_card":"summary_large_image","twitter_misc":{"Tiempo de lectura":"1 minuto"},"schema":{"@context":"https:\/\/schema.org","@graph":[{"@type":"WebPage","@id":"https:\/\/maisonskosh.com\/shop\/falda-huella\/","url":"https:\/\/maisonskosh.com\/shop\/falda-huella\/","name":"Huella Skirt - MAISON SKOSH","isPartOf":{"@id":"https:\/\/maisonskosh.com\/#website"},"primaryImageOfPage":{"@id":"https:\/\/maisonskosh.com\/shop\/falda-huella\/#primaryimage"},"image":{"@id":"https:\/\/maisonskosh.com\/shop\/falda-huella\/#primaryimage"},"thumbnailUrl":"https:\/\/maisonskosh.com\/wp-content\/uploads\/2025\/12\/IMG_8604-1-scaled.jpg","datePublished":"2025-12-20T15:48:33+00:00","dateModified":"2026-05-04T18:20:31+00:00","description":"Esta falda ha sido confeccionada a mano utilizando manteler\u00eda reciclada, transformada en una prenda \u00fanica con detalles tejidos cuidadosamente. Los materiales reutilizados pueden mostrar se\u00f1ales de su vida anterior, como variaciones en el color, peque\u00f1as manchas, agujeros o ajustes.","breadcrumb":{"@id":"https:\/\/maisonskosh.com\/shop\/falda-huella\/#breadcrumb"},"inLanguage":"es","potentialAction":[{"@type":"ReadAction","target":["https:\/\/maisonskosh.com\/shop\/falda-huella\/"]}]},{"@type":"ImageObject","inLanguage":"es","@id":"https:\/\/maisonskosh.com\/shop\/falda-huella\/#primaryimage","url":"https:\/\/maisonskosh.com\/wp-content\/uploads\/2025\/12\/IMG_8604-1-scaled.jpg","contentUrl":"https:\/\/maisonskosh.com\/wp-content\/uploads\/2025\/12\/IMG_8604-1-scaled.jpg","width":1922,"height":2560},{"@type":"BreadcrumbList","@id":"https:\/\/maisonskosh.com\/shop\/falda-huella\/#breadcrumb","itemListElement":[{"@type":"ListItem","position":1,"name":"Home","item":"https:\/\/maisonskosh.com\/"},{"@type":"ListItem","position":2,"name":"Shop","item":"https:\/\/maisonskosh.com\/shop\/"},{"@type":"ListItem","position":3,"name":"Huella Skirt"}]},{"@type":"WebSite","@id":"https:\/\/maisonskosh.com\/#website","url":"https:\/\/maisonskosh.com\/","name":"MAISON SKOSH","description":"Upcycling project","publisher":{"@id":"https:\/\/maisonskosh.com\/#organization"},"potentialAction":[{"@type":"SearchAction","target":{"@type":"EntryPoint","urlTemplate":"https:\/\/maisonskosh.com\/?s={search_term_string}"},"query-input":{"@type":"PropertyValueSpecification","valueRequired":true,"valueName":"search_term_string"}}],"inLanguage":"es"},{"@type":"Organization","@id":"https:\/\/maisonskosh.com\/#organization","name":"SKOSH","url":"https:\/\/maisonskosh.com\/","logo":{"@type":"ImageObject","inLanguage":"es","@id":"https:\/\/maisonskosh.com\/#\/schema\/logo\/image\/","url":"https:\/\/maisonskosh.com\/wp-content\/uploads\/2026\/01\/logoconsubsolo.png","contentUrl":"https:\/\/maisonskosh.com\/wp-content\/uploads\/2026\/01\/logoconsubsolo.png","width":1301,"height":425,"caption":"SKOSH"},"image":{"@id":"https:\/\/maisonskosh.com\/#\/schema\/logo\/image\/"},"sameAs":["https:\/\/www.instagram.com\/maisonskosh\/"]}]}},"_links":{"self":[{"href":"https:\/\/maisonskosh.com\/es\/wp-json\/wp\/v2\/product\/8925","targetHints":{"allow":["GET"]}}],"collection":[{"href":"https:\/\/maisonskosh.com\/es\/wp-json\/wp\/v2\/product"}],"about":[{"href":"https:\/\/maisonskosh.com\/es\/wp-json\/wp\/v2\/types\/product"}],"wp:featuredmedia":[{"embeddable":true,"href":"https:\/\/maisonskosh.com\/es\/wp-json\/wp\/v2\/media\/8952"}],"wp:attachment":[{"href":"https:\/\/maisonskosh.com\/es\/wp-json\/wp\/v2\/media?parent=8925"}],"wp:term":[{"taxonomy":"product_brand","embeddable":true,"href":"https:\/\/maisonskosh.com\/es\/wp-json\/wp\/v2\/product_brand?post=8925"},{"taxonomy":"product_cat","embeddable":true,"href":"https:\/\/maisonskosh.com\/es\/wp-json\/wp\/v2\/product_cat?post=8925"},{"taxonomy":"product_tag","embeddable":true,"href":"https:\/\/maisonskosh.com\/es\/wp-json\/wp\/v2\/product_tag?post=8925"}],"curies":[{"name":"wp","href":"https:\/\/api.w.org\/{rel}","templated":true}]}}