{"id":9367,"date":"2026-03-05T13:42:44","date_gmt":"2026-03-05T13:42:44","guid":{"rendered":"https:\/\/maisonskosh.com\/?post_type=product&#038;p=9367"},"modified":"2026-04-16T14:42:21","modified_gmt":"2026-04-16T14:42:21","slug":"mi-cielo","status":"publish","type":"product","link":"https:\/\/maisonskosh.com\/es\/shop\/mi-cielo\/","title":{"rendered":"Mi Cielo"},"content":{"rendered":"<div data-elementor-type=\"wp-post\" data-elementor-id=\"9367\" class=\"elementor elementor-9367\" data-elementor-post-type=\"product\">\n\t\t\t\t\t\t<section class=\"elementor-section elementor-top-section elementor-element elementor-element-35c3fc52 elementor-section-full_width elementor-section-height-default elementor-section-height-default\" data-id=\"35c3fc52\" data-element_type=\"section\" data-e-type=\"section\">\n\t\t\t\t\t\t<div class=\"elementor-container elementor-column-gap-default\">\n\t\t\t\t\t<div class=\"elementor-column elementor-col-100 elementor-top-column elementor-element elementor-element-3a51bfb6\" data-id=\"3a51bfb6\" data-element_type=\"column\" data-e-type=\"column\">\n\t\t\t<div class=\"elementor-widget-wrap elementor-element-populated\">\n\t\t\t\t\t\t<div class=\"elementor-element elementor-element-2425b4d0 elementor-widget elementor-widget-text-editor\" data-id=\"2425b4d0\" data-element_type=\"widget\" data-e-type=\"widget\" data-widget_type=\"text-editor.default\">\n\t\t\t\t<div class=\"elementor-widget-container\">\n\t\t\t\t\t\t\t\t\tLorem ipsum dolor sit amet, consectetur adipiscing elit, sed do eiusmod tempor incididunt ut labore et dolore magna aliqua. Ut enim ad minim veniam, quis nostrud exercitation ullamco laboris nisi ut aliquip ex ea commodo consequat. Duis aute irure dolor in reprehenderit in voluptate velit esse.\t\t\t\t\t\t\t\t<\/div>\n\t\t\t\t<\/div>\n\t\t\t\t\t<\/div>\n\t\t<\/div>\n\t\t\t\t\t<\/div>\n\t\t<\/section>\n\t\t\t\t<\/div>","protected":false},"excerpt":{"rendered":"<p><strong>Manifiesto\u00a0<\/strong><\/p>\n<p>Ya no est\u00e1s aqu\u00ed, pero est\u00e1s en todas partes.<br \/>\nEn cada puntada, en cada fibra que une mi historia con la tuya.<br \/>\nEst\u00e1s en el viento que susurra en las monta\u00f1as y en la calma que trae cada puesta de sol.<\/p>\n<p>Aunque la vida te llev\u00f3 demasiado pronto, dejaste un legado que vive en m\u00ed, en cada una de mis creaciones.<br \/>\nMe diste fuerza, esperanza y una raz\u00f3n para seguir adelante.<br \/>\nCada prenda que nace de mis manos lleva tu esencia, porque t\u00fa eres el motor de todo lo que soy y hago.<\/p>\n<p>Este drop es un tributo a tu memoria y a la eternidad de tu presencia.<br \/>\nEst\u00e1s en cada idea que cobra vida, en cada forma que emerge de mis manos,<br \/>\nporque por siempre ser\u00e1s&#8230;<span class=\"apple-converted-space\">\u00a0<\/span><strong>mi cielo<\/strong>.<\/p>","protected":false},"featured_media":9487,"template":"","meta":[],"product_brand":[],"product_cat":[91],"product_tag":[],"class_list":{"0":"post-9367","1":"product","2":"type-product","3":"status-publish","4":"has-post-thumbnail","6":"product_cat-drop-i","8":"first","9":"outofstock","10":"sold-individually","11":"shipping-taxable","12":"purchasable","13":"product-type-simple"},"yoast_head":"<!-- This site is optimized with the Yoast SEO plugin v24.6 - https:\/\/yoast.com\/wordpress\/plugins\/seo\/ -->\n<title>Mi Cielo - MAISON SKOSH<\/title>\n<meta name=\"description\" content=\"Mi Cielo \/ Este drop es un tributo a tu memoria y a la eternidad de tu presencia. Est\u00e1s en cada idea que cobra vida, en cada forma que emerge de mis manos, porque por siempre ser\u00e1s\u00a0mi cielo.\" \/>\n<meta name=\"robots\" content=\"index, follow, max-snippet:-1, max-image-preview:large, max-video-preview:-1\" \/>\n<link rel=\"canonical\" href=\"https:\/\/maisonskosh.com\/es\/shop\/mi-cielo\/\" \/>\n<meta property=\"og:locale\" content=\"es_ES\" \/>\n<meta property=\"og:type\" content=\"article\" \/>\n<meta property=\"og:title\" content=\"Mi Cielo - MAISON SKOSH\" \/>\n<meta property=\"og:description\" content=\"Mi Cielo \/ Este drop es un tributo a tu memoria y a la eternidad de tu presencia. Est\u00e1s en cada idea que cobra vida, en cada forma que emerge de mis manos, porque por siempre ser\u00e1s\u00a0mi cielo.\" \/>\n<meta property=\"og:url\" content=\"https:\/\/maisonskosh.com\/es\/shop\/mi-cielo\/\" \/>\n<meta property=\"og:site_name\" content=\"MAISON SKOSH\" \/>\n<meta property=\"article:modified_time\" content=\"2026-04-16T14:42:21+00:00\" \/>\n<meta property=\"og:image\" content=\"https:\/\/maisonskosh.com\/wp-content\/uploads\/2026\/03\/7-769x1024.png\" \/>\n\t<meta property=\"og:image:width\" content=\"769\" \/>\n\t<meta property=\"og:image:height\" content=\"1024\" \/>\n\t<meta property=\"og:image:type\" content=\"image\/png\" \/>\n<meta name=\"twitter:card\" content=\"summary_large_image\" \/>\n<meta name=\"twitter:label1\" content=\"Tiempo de lectura\" \/>\n\t<meta name=\"twitter:data1\" content=\"1 minuto\" \/>\n<script type=\"application\/ld+json\" class=\"yoast-schema-graph\">{\"@context\":\"https:\/\/schema.org\",\"@graph\":[{\"@type\":\"WebPage\",\"@id\":\"https:\/\/maisonskosh.com\/shop\/mi-cielo\/\",\"url\":\"https:\/\/maisonskosh.com\/shop\/mi-cielo\/\",\"name\":\"Mi Cielo - MAISON SKOSH\",\"isPartOf\":{\"@id\":\"https:\/\/maisonskosh.com\/#website\"},\"primaryImageOfPage\":{\"@id\":\"https:\/\/maisonskosh.com\/shop\/mi-cielo\/#primaryimage\"},\"image\":{\"@id\":\"https:\/\/maisonskosh.com\/shop\/mi-cielo\/#primaryimage\"},\"thumbnailUrl\":\"https:\/\/maisonskosh.com\/wp-content\/uploads\/2026\/03\/7.png\",\"datePublished\":\"2026-03-05T13:42:44+00:00\",\"dateModified\":\"2026-04-16T14:42:21+00:00\",\"description\":\"Mi Cielo \/ Este drop es un tributo a tu memoria y a la eternidad de tu presencia. Est\u00e1s en cada idea que cobra vida, en cada forma que emerge de mis manos, porque por siempre ser\u00e1s\u00a0mi cielo.\",\"breadcrumb\":{\"@id\":\"https:\/\/maisonskosh.com\/shop\/mi-cielo\/#breadcrumb\"},\"inLanguage\":\"es\",\"potentialAction\":[{\"@type\":\"ReadAction\",\"target\":[\"https:\/\/maisonskosh.com\/shop\/mi-cielo\/\"]}]},{\"@type\":\"ImageObject\",\"inLanguage\":\"es\",\"@id\":\"https:\/\/maisonskosh.com\/shop\/mi-cielo\/#primaryimage\",\"url\":\"https:\/\/maisonskosh.com\/wp-content\/uploads\/2026\/03\/7.png\",\"contentUrl\":\"https:\/\/maisonskosh.com\/wp-content\/uploads\/2026\/03\/7.png\",\"width\":4000,\"height\":5328},{\"@type\":\"BreadcrumbList\",\"@id\":\"https:\/\/maisonskosh.com\/shop\/mi-cielo\/#breadcrumb\",\"itemListElement\":[{\"@type\":\"ListItem\",\"position\":1,\"name\":\"Home\",\"item\":\"https:\/\/maisonskosh.com\/\"},{\"@type\":\"ListItem\",\"position\":2,\"name\":\"Shop\",\"item\":\"https:\/\/maisonskosh.com\/shop\/\"},{\"@type\":\"ListItem\",\"position\":3,\"name\":\"Mi Cielo\"}]},{\"@type\":\"WebSite\",\"@id\":\"https:\/\/maisonskosh.com\/#website\",\"url\":\"https:\/\/maisonskosh.com\/\",\"name\":\"MAISON SKOSH\",\"description\":\"Upcycling project\",\"publisher\":{\"@id\":\"https:\/\/maisonskosh.com\/#organization\"},\"potentialAction\":[{\"@type\":\"SearchAction\",\"target\":{\"@type\":\"EntryPoint\",\"urlTemplate\":\"https:\/\/maisonskosh.com\/?s={search_term_string}\"},\"query-input\":{\"@type\":\"PropertyValueSpecification\",\"valueRequired\":true,\"valueName\":\"search_term_string\"}}],\"inLanguage\":\"es\"},{\"@type\":\"Organization\",\"@id\":\"https:\/\/maisonskosh.com\/#organization\",\"name\":\"SKOSH\",\"url\":\"https:\/\/maisonskosh.com\/\",\"logo\":{\"@type\":\"ImageObject\",\"inLanguage\":\"es\",\"@id\":\"https:\/\/maisonskosh.com\/#\/schema\/logo\/image\/\",\"url\":\"https:\/\/maisonskosh.com\/wp-content\/uploads\/2026\/01\/logoconsubsolo.png\",\"contentUrl\":\"https:\/\/maisonskosh.com\/wp-content\/uploads\/2026\/01\/logoconsubsolo.png\",\"width\":1301,\"height\":425,\"caption\":\"SKOSH\"},\"image\":{\"@id\":\"https:\/\/maisonskosh.com\/#\/schema\/logo\/image\/\"},\"sameAs\":[\"https:\/\/www.instagram.com\/maisonskosh\/\"]}]}<\/script>\n<!-- \/ Yoast SEO plugin. -->","yoast_head_json":{"title":"Mi Cielo - MAISON SKOSH","description":"Mi Cielo \/ Este drop es un tributo a tu memoria y a la eternidad de tu presencia. Est\u00e1s en cada idea que cobra vida, en cada forma que emerge de mis manos, porque por siempre ser\u00e1s\u00a0mi cielo.","robots":{"index":"index","follow":"follow","max-snippet":"max-snippet:-1","max-image-preview":"max-image-preview:large","max-video-preview":"max-video-preview:-1"},"canonical":"https:\/\/maisonskosh.com\/es\/shop\/mi-cielo\/","og_locale":"es_ES","og_type":"article","og_title":"Mi Cielo - MAISON SKOSH","og_description":"Mi Cielo \/ Este drop es un tributo a tu memoria y a la eternidad de tu presencia. Est\u00e1s en cada idea que cobra vida, en cada forma que emerge de mis manos, porque por siempre ser\u00e1s\u00a0mi cielo.","og_url":"https:\/\/maisonskosh.com\/es\/shop\/mi-cielo\/","og_site_name":"MAISON SKOSH","article_modified_time":"2026-04-16T14:42:21+00:00","og_image":[{"width":769,"height":1024,"url":"https:\/\/maisonskosh.com\/wp-content\/uploads\/2026\/03\/7-769x1024.png","type":"image\/png"}],"twitter_card":"summary_large_image","twitter_misc":{"Tiempo de lectura":"1 minuto"},"schema":{"@context":"https:\/\/schema.org","@graph":[{"@type":"WebPage","@id":"https:\/\/maisonskosh.com\/shop\/mi-cielo\/","url":"https:\/\/maisonskosh.com\/shop\/mi-cielo\/","name":"Mi Cielo - MAISON SKOSH","isPartOf":{"@id":"https:\/\/maisonskosh.com\/#website"},"primaryImageOfPage":{"@id":"https:\/\/maisonskosh.com\/shop\/mi-cielo\/#primaryimage"},"image":{"@id":"https:\/\/maisonskosh.com\/shop\/mi-cielo\/#primaryimage"},"thumbnailUrl":"https:\/\/maisonskosh.com\/wp-content\/uploads\/2026\/03\/7.png","datePublished":"2026-03-05T13:42:44+00:00","dateModified":"2026-04-16T14:42:21+00:00","description":"Mi Cielo \/ Este drop es un tributo a tu memoria y a la eternidad de tu presencia. Est\u00e1s en cada idea que cobra vida, en cada forma que emerge de mis manos, porque por siempre ser\u00e1s\u00a0mi cielo.","breadcrumb":{"@id":"https:\/\/maisonskosh.com\/shop\/mi-cielo\/#breadcrumb"},"inLanguage":"es","potentialAction":[{"@type":"ReadAction","target":["https:\/\/maisonskosh.com\/shop\/mi-cielo\/"]}]},{"@type":"ImageObject","inLanguage":"es","@id":"https:\/\/maisonskosh.com\/shop\/mi-cielo\/#primaryimage","url":"https:\/\/maisonskosh.com\/wp-content\/uploads\/2026\/03\/7.png","contentUrl":"https:\/\/maisonskosh.com\/wp-content\/uploads\/2026\/03\/7.png","width":4000,"height":5328},{"@type":"BreadcrumbList","@id":"https:\/\/maisonskosh.com\/shop\/mi-cielo\/#breadcrumb","itemListElement":[{"@type":"ListItem","position":1,"name":"Home","item":"https:\/\/maisonskosh.com\/"},{"@type":"ListItem","position":2,"name":"Shop","item":"https:\/\/maisonskosh.com\/shop\/"},{"@type":"ListItem","position":3,"name":"Mi Cielo"}]},{"@type":"WebSite","@id":"https:\/\/maisonskosh.com\/#website","url":"https:\/\/maisonskosh.com\/","name":"MAISON SKOSH","description":"Upcycling project","publisher":{"@id":"https:\/\/maisonskosh.com\/#organization"},"potentialAction":[{"@type":"SearchAction","target":{"@type":"EntryPoint","urlTemplate":"https:\/\/maisonskosh.com\/?s={search_term_string}"},"query-input":{"@type":"PropertyValueSpecification","valueRequired":true,"valueName":"search_term_string"}}],"inLanguage":"es"},{"@type":"Organization","@id":"https:\/\/maisonskosh.com\/#organization","name":"SKOSH","url":"https:\/\/maisonskosh.com\/","logo":{"@type":"ImageObject","inLanguage":"es","@id":"https:\/\/maisonskosh.com\/#\/schema\/logo\/image\/","url":"https:\/\/maisonskosh.com\/wp-content\/uploads\/2026\/01\/logoconsubsolo.png","contentUrl":"https:\/\/maisonskosh.com\/wp-content\/uploads\/2026\/01\/logoconsubsolo.png","width":1301,"height":425,"caption":"SKOSH"},"image":{"@id":"https:\/\/maisonskosh.com\/#\/schema\/logo\/image\/"},"sameAs":["https:\/\/www.instagram.com\/maisonskosh\/"]}]}},"_links":{"self":[{"href":"https:\/\/maisonskosh.com\/es\/wp-json\/wp\/v2\/product\/9367","targetHints":{"allow":["GET"]}}],"collection":[{"href":"https:\/\/maisonskosh.com\/es\/wp-json\/wp\/v2\/product"}],"about":[{"href":"https:\/\/maisonskosh.com\/es\/wp-json\/wp\/v2\/types\/product"}],"wp:featuredmedia":[{"embeddable":true,"href":"https:\/\/maisonskosh.com\/es\/wp-json\/wp\/v2\/media\/9487"}],"wp:attachment":[{"href":"https:\/\/maisonskosh.com\/es\/wp-json\/wp\/v2\/media?parent=9367"}],"wp:term":[{"taxonomy":"product_brand","embeddable":true,"href":"https:\/\/maisonskosh.com\/es\/wp-json\/wp\/v2\/product_brand?post=9367"},{"taxonomy":"product_cat","embeddable":true,"href":"https:\/\/maisonskosh.com\/es\/wp-json\/wp\/v2\/product_cat?post=9367"},{"taxonomy":"product_tag","embeddable":true,"href":"https:\/\/maisonskosh.com\/es\/wp-json\/wp\/v2\/product_tag?post=9367"}],"curies":[{"name":"wp","href":"https:\/\/api.w.org\/{rel}","templated":true}]}}